{"id":35,"date":"2013-10-13T11:45:36","date_gmt":"2013-10-13T09:45:36","guid":{"rendered":"http:\/\/www.hotelimmagine.com\/wp\/?page_id=35"},"modified":"2015-03-31T16:28:33","modified_gmt":"2015-03-31T14:28:33","slug":"tarifs","status":"publish","type":"page","link":"https:\/\/www.hotelimmagine.it\/fr\/tarifs\/","title":{"rendered":"Les Prix"},"content":{"rendered":"<p>Les prix varient selon haute saison, basse saison et nombre de nuit\u00e9es. Ils comprennent petit d\u00e9jeuner, TVA, taxe de s\u00e9jour, WIFI, parking.<\/p>\n<table style=\"height: 184px;\" border=\"0\" width=\"704\" cellspacing=\"1\" cellpadding=\"5\" bgcolor=\"#cccccc\">\n<tbody>\n<tr bgcolor=\"#e0ecf5\">\n<td valign=\"top\" width=\"97\"><strong>\u00a0C<span id=\"result_box\" class=\"short_text\" lang=\"fr\"><span class=\"hps\">hambres<\/span><\/span><\/strong><\/td>\n<td valign=\"top\" width=\"86\">Min<\/td>\n<td valign=\"top\" width=\"78\">Max<\/td>\n<\/tr>\n<tr>\n<td valign=\"top\"><strong>Simple<\/strong><\/td>\n<td valign=\"top\" bgcolor=\"#ffffff\" width=\"86\">25.00 \u20ac<\/td>\n<td valign=\"top\" bgcolor=\"#ffffff\" width=\"78\">45.00 \u20ac<\/td>\n<\/tr>\n<tr>\n<td valign=\"top\" bgcolor=\"#e0ecf5\" width=\"97\"><strong>Double<\/strong><\/td>\n<td valign=\"top\" bgcolor=\"#ffffff\" width=\"86\">35.00 \u20ac<\/td>\n<td valign=\"top\" bgcolor=\"#ffffff\" width=\"78\">50.00 \u20ac<\/td>\n<\/tr>\n<tr>\n<td valign=\"top\" bgcolor=\"#e0ecf5\" width=\"97\"><strong>Triple<\/strong><\/td>\n<td valign=\"top\" bgcolor=\"#ffffff\" width=\"86\">40.00 \u20ac<\/td>\n<td valign=\"top\" bgcolor=\"#ffffff\" width=\"78\">65.00 \u20ac<\/td>\n<\/tr>\n<tr>\n<td valign=\"top\" bgcolor=\"#e0ecf5\" width=\"97\"><strong>Quadruple<\/strong><\/td>\n<td valign=\"top\" bgcolor=\"#ffffff\" width=\"86\">50.00 \u20ac<\/td>\n<td valign=\"top\" bgcolor=\"#ffffff\" width=\"78\">90.00 \u20ac<\/td>\n<\/tr>\n<\/tbody>\n<\/table>\n<p>&nbsp;<\/p>\n","protected":false},"excerpt":{"rendered":"<p>Les prix varient selon haute saison, basse saison et nombre de nuit\u00e9es. Ils comprennent petit d\u00e9jeuner, TVA, taxe de s\u00e9jour, WIFI, parking. \u00a0Chambres Min Max Simple 25.00 \u20ac 45.00 \u20ac Double 35.00 \u20ac 50.00 \u20ac Triple 40.00 \u20ac 65.00 \u20ac Quadruple 50.00 \u20ac 90.00 \u20ac &nbsp;<\/p>\n<a href=\"https:\/\/www.hotelimmagine.it\/fr\/tarifs\/\" class=\"sohohotel-more-link\">En savoir plus<\/a>","protected":false},"author":2,"featured_media":0,"parent":0,"menu_order":7,"comment_status":"closed","ping_status":"closed","template":"","meta":{"footnotes":""},"class_list":["post-35","page","type-page","status-publish","hentry"],"yoast_head":"<!-- This site is optimized with the Yoast SEO plugin v27.5 - https:\/\/yoast.com\/product\/yoast-seo-wordpress\/ -->\n<title>Les prix des chambres - Hotel Immagine<\/title>\n<meta name=\"description\" content=\"Les prix varient selon haute saison, basse saison et nombre de nuit\u00e9es. Ils comprennent petit d\u00e9jeuner, TVA, taxe de s\u00e9jour, WIFI, parking.\" \/>\n<meta name=\"robots\" content=\"index, follow, max-snippet:-1, max-image-preview:large, max-video-preview:-1\" \/>\n<link rel=\"canonical\" href=\"https:\/\/www.hotelimmagine.it\/fr\/tarifs\/\" \/>\n<meta property=\"og:locale\" content=\"fr_FR\" \/>\n<meta property=\"og:type\" content=\"article\" \/>\n<meta property=\"og:title\" content=\"Les prix des chambres - Hotel Immagine\" \/>\n<meta property=\"og:description\" content=\"Les prix varient selon haute saison, basse saison et nombre de nuit\u00e9es. Ils comprennent petit d\u00e9jeuner, TVA, taxe de s\u00e9jour, WIFI, parking.\" \/>\n<meta property=\"og:url\" content=\"https:\/\/www.hotelimmagine.it\/fr\/tarifs\/\" \/>\n<meta property=\"og:site_name\" content=\"Hotel Immagine a San Giovanni Rotondo\" \/>\n<meta property=\"article:publisher\" content=\"https:\/\/www.facebook.com\/HotelImmagine\" \/>\n<meta property=\"article:modified_time\" content=\"2015-03-31T14:28:33+00:00\" \/>\n<meta name=\"twitter:card\" content=\"summary_large_image\" \/>\n<meta name=\"twitter:site\" content=\"@hotelimmagine\" \/>\n<script type=\"application\/ld+json\" class=\"yoast-schema-graph\">{\"@context\":\"https:\\\/\\\/schema.org\",\"@graph\":[{\"@type\":\"WebPage\",\"@id\":\"https:\\\/\\\/www.hotelimmagine.it\\\/fr\\\/tarifs\\\/\",\"url\":\"https:\\\/\\\/www.hotelimmagine.it\\\/fr\\\/tarifs\\\/\",\"name\":\"Les prix des chambres - Hotel Immagine\",\"isPartOf\":{\"@id\":\"https:\\\/\\\/www.hotelimmagine.it\\\/fr\\\/#website\"},\"datePublished\":\"2013-10-13T09:45:36+00:00\",\"dateModified\":\"2015-03-31T14:28:33+00:00\",\"description\":\"Les prix varient selon haute saison, basse saison et nombre de nuit\u00e9es. Ils comprennent petit d\u00e9jeuner, TVA, taxe de s\u00e9jour, WIFI, parking.\",\"breadcrumb\":{\"@id\":\"https:\\\/\\\/www.hotelimmagine.it\\\/fr\\\/tarifs\\\/#breadcrumb\"},\"inLanguage\":\"fr-FR\",\"potentialAction\":[{\"@type\":\"ReadAction\",\"target\":[\"https:\\\/\\\/www.hotelimmagine.it\\\/fr\\\/tarifs\\\/\"]}]},{\"@type\":\"BreadcrumbList\",\"@id\":\"https:\\\/\\\/www.hotelimmagine.it\\\/fr\\\/tarifs\\\/#breadcrumb\",\"itemListElement\":[{\"@type\":\"ListItem\",\"position\":1,\"name\":\"Home\",\"item\":\"https:\\\/\\\/www.hotelimmagine.it\\\/fr\\\/\"},{\"@type\":\"ListItem\",\"position\":2,\"name\":\"Les Prix\"}]},{\"@type\":\"WebSite\",\"@id\":\"https:\\\/\\\/www.hotelimmagine.it\\\/fr\\\/#website\",\"url\":\"https:\\\/\\\/www.hotelimmagine.it\\\/fr\\\/\",\"name\":\"Hotel Immagine a San Giovanni Rotondo\",\"description\":\"Hotel Immagine a San Giovanni Rotondo\",\"potentialAction\":[{\"@type\":\"SearchAction\",\"target\":{\"@type\":\"EntryPoint\",\"urlTemplate\":\"https:\\\/\\\/www.hotelimmagine.it\\\/fr\\\/?s={search_term_string}\"},\"query-input\":{\"@type\":\"PropertyValueSpecification\",\"valueRequired\":true,\"valueName\":\"search_term_string\"}}],\"inLanguage\":\"fr-FR\"}]}<\/script>\n<!-- \/ Yoast SEO plugin. -->","yoast_head_json":{"title":"Les prix des chambres - Hotel Immagine","description":"Les prix varient selon haute saison, basse saison et nombre de nuit\u00e9es. Ils comprennent petit d\u00e9jeuner, TVA, taxe de s\u00e9jour, WIFI, parking.","robots":{"index":"index","follow":"follow","max-snippet":"max-snippet:-1","max-image-preview":"max-image-preview:large","max-video-preview":"max-video-preview:-1"},"canonical":"https:\/\/www.hotelimmagine.it\/fr\/tarifs\/","og_locale":"fr_FR","og_type":"article","og_title":"Les prix des chambres - Hotel Immagine","og_description":"Les prix varient selon haute saison, basse saison et nombre de nuit\u00e9es. Ils comprennent petit d\u00e9jeuner, TVA, taxe de s\u00e9jour, WIFI, parking.","og_url":"https:\/\/www.hotelimmagine.it\/fr\/tarifs\/","og_site_name":"Hotel Immagine a San Giovanni Rotondo","article_publisher":"https:\/\/www.facebook.com\/HotelImmagine","article_modified_time":"2015-03-31T14:28:33+00:00","twitter_card":"summary_large_image","twitter_site":"@hotelimmagine","schema":{"@context":"https:\/\/schema.org","@graph":[{"@type":"WebPage","@id":"https:\/\/www.hotelimmagine.it\/fr\/tarifs\/","url":"https:\/\/www.hotelimmagine.it\/fr\/tarifs\/","name":"Les prix des chambres - Hotel Immagine","isPartOf":{"@id":"https:\/\/www.hotelimmagine.it\/fr\/#website"},"datePublished":"2013-10-13T09:45:36+00:00","dateModified":"2015-03-31T14:28:33+00:00","description":"Les prix varient selon haute saison, basse saison et nombre de nuit\u00e9es. Ils comprennent petit d\u00e9jeuner, TVA, taxe de s\u00e9jour, WIFI, parking.","breadcrumb":{"@id":"https:\/\/www.hotelimmagine.it\/fr\/tarifs\/#breadcrumb"},"inLanguage":"fr-FR","potentialAction":[{"@type":"ReadAction","target":["https:\/\/www.hotelimmagine.it\/fr\/tarifs\/"]}]},{"@type":"BreadcrumbList","@id":"https:\/\/www.hotelimmagine.it\/fr\/tarifs\/#breadcrumb","itemListElement":[{"@type":"ListItem","position":1,"name":"Home","item":"https:\/\/www.hotelimmagine.it\/fr\/"},{"@type":"ListItem","position":2,"name":"Les Prix"}]},{"@type":"WebSite","@id":"https:\/\/www.hotelimmagine.it\/fr\/#website","url":"https:\/\/www.hotelimmagine.it\/fr\/","name":"Hotel Immagine a San Giovanni Rotondo","description":"Hotel Immagine a San Giovanni Rotondo","potentialAction":[{"@type":"SearchAction","target":{"@type":"EntryPoint","urlTemplate":"https:\/\/www.hotelimmagine.it\/fr\/?s={search_term_string}"},"query-input":{"@type":"PropertyValueSpecification","valueRequired":true,"valueName":"search_term_string"}}],"inLanguage":"fr-FR"}]}},"_links":{"self":[{"href":"https:\/\/www.hotelimmagine.it\/fr\/wp-json\/wp\/v2\/pages\/35","targetHints":{"allow":["GET"]}}],"collection":[{"href":"https:\/\/www.hotelimmagine.it\/fr\/wp-json\/wp\/v2\/pages"}],"about":[{"href":"https:\/\/www.hotelimmagine.it\/fr\/wp-json\/wp\/v2\/types\/page"}],"author":[{"embeddable":true,"href":"https:\/\/www.hotelimmagine.it\/fr\/wp-json\/wp\/v2\/users\/2"}],"replies":[{"embeddable":true,"href":"https:\/\/www.hotelimmagine.it\/fr\/wp-json\/wp\/v2\/comments?post=35"}],"version-history":[{"count":0,"href":"https:\/\/www.hotelimmagine.it\/fr\/wp-json\/wp\/v2\/pages\/35\/revisions"}],"wp:attachment":[{"href":"https:\/\/www.hotelimmagine.it\/fr\/wp-json\/wp\/v2\/media?parent=35"}],"curies":[{"name":"wp","href":"https:\/\/api.w.org\/{rel}","templated":true}]}}