{"id":43,"date":"2013-10-13T11:50:11","date_gmt":"2013-10-13T09:50:11","guid":{"rendered":"http:\/\/www.hotelimmagine.com\/wp\/?page_id=43"},"modified":"2015-03-31T16:47:32","modified_gmt":"2015-03-31T14:47:32","slug":"ou-sommes-nous","status":"publish","type":"page","link":"https:\/\/www.hotelimmagine.it\/fr\/ou-sommes-nous\/","title":{"rendered":"Comment nous rejoindre"},"content":{"rendered":"<h3>Vous trouverez ci-dessous toutes les informations n\u00e9cessaires pour arriver \u00e0 San Giovanni Rotondo :<\/h3>\n<h3>En Train<\/h3>\n<p style=\"text-align: justify;\">Il n\u2019est pas possible d\u2019arriver jusqu\u2019\u00e0 San Giovanni Rotondo en train mais vous pouvez aller jusqu\u2019\u00e0 Foggia qui se trouve \u00e0 40 Km (pratique pour les voyageurs venant du sud de l\u2019Italie) ou San Severo, 26 Km (pour ceux qui viennent du nord). Vous trouverez tous les horaires sur le site officiel \u00ab\u00a0Ferrovie dello Stato\u00a0\u00bb: <a href=\"http:\/\/www.trenitalia.it\/\" target=\"_blank\" rel=\"nofollow\">www.trenitalia.it<\/a> . Une fois arriv\u00e9s \u00e0 Foggia ou San Severo vous pourrez utiliser les autobus de la soci\u00e9t\u00e9 SITA. Pour consulter les horaires des bus : <a href=\"http:\/\/www.sitabus.it\/\" target=\"_blank\" rel=\"nofollow\">www.sitabus.it<\/a><\/p>\n<h3 style=\"text-align: justify;\">En autocar<\/h3>\n<p style=\"text-align: justify;\">Voici encore une autre solution pour rejoindre San Giovanni Rotondo ; diff\u00e9rentes compagnies d\u2019autocar traversent en effet l\u2019Italie en passant par San Giovanni Rotondo. Pour ceux qui viennent du nord ou du centre de l\u2019Italie, la compagnie la plus adapt\u00e9e est la \u00ab Ferrovie del Gargano \u00bb que vous pouvez trouver \u00e0 l\u2019adresse suivante : <a href=\"http:\/\/www.ferroviedelgargano.it\/\" target=\"_blank\" rel=\"nofollow\">www.ferroviedelgargano.it<\/a> puis cliquez sur \u00ab Linee a lungo Raggio \u00bb.<\/p>\n<h3 style=\"text-align: justify;\">En voiture<\/h3>\n<p style=\"text-align: justify;\"><strong>En venant du Nord:<\/strong> autoroute A14 sortie San Severo, suivre les indications pour San Giovanni Rotondo \u2013 Tomba di Padre Pio. Arriv\u00e9s \u00e0 San Giovanni Rotondo, suivre les indications pour le centre (centro) et emprunter le viale Aldo Moro, vous trouverez l\u2019H\u00f4tel Immagine 100m apr\u00e8s l\u2019entr\u00e9e de la nouvelle \u00c9glise.<\/p>\n<p style=\"text-align: justify;\"><strong>En venant du Centre:<\/strong> autoroute A16 Napoli-Bari, sortie Candela, suivre les indications pour Foggia pendant environ 32km, prendre la sortie Gargano \u2013 Tomba di Padre Pio a San Giovanni Rotondo, tourner \u00e0 gauche vers le p\u00e9riph\u00e9rique (circonvallazione) et suivre les fl\u00e8ches pour \u00ab\u00a0Ospedale Casa Sollievo della Sofferenza &#8211; Santuario di San Pio\u00a0\u00bb, arriv\u00e9s au rond-point, tourner \u00e0 droite vers le centre (centro) et emprunter le viale Aldo Moro, vous trouverez l\u2019H\u00f4tel Immagine 100m apr\u00e8s l\u2019entr\u00e9e de la nouvelle \u00c9glise.<\/p>\n<p style=\"text-align: justify;\"><strong>En venant du Sud:<\/strong> autoroute A14, sortie Foggia, suivre les indications pour San Giovanni Rotondo \u2013 Tomba di Padre Pio, tourner \u00e0 gauche vers le p\u00e9riph\u00e9rique (circonvallazione) et suivre les fl\u00e8ches pour \u00ab\u00a0Ospedale Casa Sollievo della Sofferenza\u00a0\u00bb &#8211; Santuario di San Pio, arriv\u00e9s au rond-point, tourner \u00e0 droite vers le centre (centro) et emprunter le viale Aldo Moro, vous trouverez l\u2019H\u00f4tel Immagine 100m apr\u00e8s l\u2019entr\u00e9e de la nouvelle \u00c9glise<\/p>\n<p style=\"text-align: justify;\">Si vous poss\u00e9dez un GPS vous pouvez ins\u00e9rer les coordonn\u00e9es suivantes :<\/p>\n<p><strong>Latitude: 41.704114<\/strong><\/p>\n<p><strong>Longitude: 15.705878<\/strong><\/p>\n<div class=\"google-maps\"><iframe loading=\"lazy\" style=\"border: 0;\" src=\"https:\/\/www.google.com\/maps\/embed?pb=!1m23!1m8!1m3!1d14679.538055503079!2d15.7070659!3d41.7013047!3m2!1i1024!2i768!4f13.1!4m12!1i0!3e2!4m3!3m2!1d41.7062327!2d15.704134499999999!4m5!1s0x1337741e922eeaa9%3A0xb9cbe221609ffd61!2sHotel+Immagine%2C+Viale+Aldo+Moro%2C+150%2C+71013+San+Giovanni+Rotondo+Foggia!3m2!1d41.704017!2d15.707053!5e1!3m2!1sit!2sit!4v1408888787547\" width=\"600\" height=\"450\" frameborder=\"0\"><\/iframe><\/div>\n","protected":false},"excerpt":{"rendered":"<p>Vous trouverez ci-dessous toutes les informations n\u00e9cessaires pour arriver \u00e0 San Giovanni Rotondo : En Train Il n\u2019est pas possible d\u2019arriver jusqu\u2019\u00e0 San Giovanni Rotondo en train mais vous pouvez aller jusqu\u2019\u00e0 Foggia qui se trouve \u00e0 40 Km (pratique pour les voyageurs venant du sud de l\u2019Italie) ou San Severo, 26 Km (pour ceux<\/p>\n<a href=\"https:\/\/www.hotelimmagine.it\/fr\/ou-sommes-nous\/\" class=\"sohohotel-more-link\">En savoir plus<\/a>","protected":false},"author":2,"featured_media":0,"parent":0,"menu_order":9,"comment_status":"closed","ping_status":"closed","template":"","meta":{"footnotes":""},"class_list":["post-43","page","type-page","status-publish","hentry"],"yoast_head":"<!-- This site is optimized with the Yoast SEO plugin v27.5 - https:\/\/yoast.com\/product\/yoast-seo-wordpress\/ -->\n<title>Comment nous rejoindre - Hotel Immagine<\/title>\n<meta name=\"description\" content=\"Vous trouverez ci-dessous toutes les informations n\u00e9cessaires pour arriver \u00e0 San Giovanni Rotondo.\" \/>\n<meta name=\"robots\" content=\"index, follow, max-snippet:-1, max-image-preview:large, max-video-preview:-1\" \/>\n<link rel=\"canonical\" href=\"https:\/\/www.hotelimmagine.it\/fr\/ou-sommes-nous\/\" \/>\n<meta property=\"og:locale\" content=\"fr_FR\" \/>\n<meta property=\"og:type\" content=\"article\" \/>\n<meta property=\"og:title\" content=\"Comment nous rejoindre - Hotel Immagine\" \/>\n<meta property=\"og:description\" content=\"Vous trouverez ci-dessous toutes les informations n\u00e9cessaires pour arriver \u00e0 San Giovanni Rotondo.\" \/>\n<meta property=\"og:url\" content=\"https:\/\/www.hotelimmagine.it\/fr\/ou-sommes-nous\/\" \/>\n<meta property=\"og:site_name\" content=\"Hotel Immagine a San Giovanni Rotondo\" \/>\n<meta property=\"article:publisher\" content=\"https:\/\/www.facebook.com\/HotelImmagine\" \/>\n<meta property=\"article:modified_time\" content=\"2015-03-31T14:47:32+00:00\" \/>\n<meta name=\"twitter:card\" content=\"summary_large_image\" \/>\n<meta name=\"twitter:site\" content=\"@hotelimmagine\" \/>\n<script type=\"application\/ld+json\" class=\"yoast-schema-graph\">{\"@context\":\"https:\\\/\\\/schema.org\",\"@graph\":[{\"@type\":\"WebPage\",\"@id\":\"https:\\\/\\\/www.hotelimmagine.it\\\/fr\\\/ou-sommes-nous\\\/\",\"url\":\"https:\\\/\\\/www.hotelimmagine.it\\\/fr\\\/ou-sommes-nous\\\/\",\"name\":\"Comment nous rejoindre - Hotel Immagine\",\"isPartOf\":{\"@id\":\"https:\\\/\\\/www.hotelimmagine.it\\\/fr\\\/#website\"},\"datePublished\":\"2013-10-13T09:50:11+00:00\",\"dateModified\":\"2015-03-31T14:47:32+00:00\",\"description\":\"Vous trouverez ci-dessous toutes les informations n\u00e9cessaires pour arriver \u00e0 San Giovanni Rotondo.\",\"breadcrumb\":{\"@id\":\"https:\\\/\\\/www.hotelimmagine.it\\\/fr\\\/ou-sommes-nous\\\/#breadcrumb\"},\"inLanguage\":\"fr-FR\",\"potentialAction\":[{\"@type\":\"ReadAction\",\"target\":[\"https:\\\/\\\/www.hotelimmagine.it\\\/fr\\\/ou-sommes-nous\\\/\"]}]},{\"@type\":\"BreadcrumbList\",\"@id\":\"https:\\\/\\\/www.hotelimmagine.it\\\/fr\\\/ou-sommes-nous\\\/#breadcrumb\",\"itemListElement\":[{\"@type\":\"ListItem\",\"position\":1,\"name\":\"Home\",\"item\":\"https:\\\/\\\/www.hotelimmagine.it\\\/fr\\\/\"},{\"@type\":\"ListItem\",\"position\":2,\"name\":\"Comment nous rejoindre\"}]},{\"@type\":\"WebSite\",\"@id\":\"https:\\\/\\\/www.hotelimmagine.it\\\/fr\\\/#website\",\"url\":\"https:\\\/\\\/www.hotelimmagine.it\\\/fr\\\/\",\"name\":\"Hotel Immagine a San Giovanni Rotondo\",\"description\":\"Hotel Immagine a San Giovanni Rotondo\",\"potentialAction\":[{\"@type\":\"SearchAction\",\"target\":{\"@type\":\"EntryPoint\",\"urlTemplate\":\"https:\\\/\\\/www.hotelimmagine.it\\\/fr\\\/?s={search_term_string}\"},\"query-input\":{\"@type\":\"PropertyValueSpecification\",\"valueRequired\":true,\"valueName\":\"search_term_string\"}}],\"inLanguage\":\"fr-FR\"}]}<\/script>\n<!-- \/ Yoast SEO plugin. -->","yoast_head_json":{"title":"Comment nous rejoindre - Hotel Immagine","description":"Vous trouverez ci-dessous toutes les informations n\u00e9cessaires pour arriver \u00e0 San Giovanni Rotondo.","robots":{"index":"index","follow":"follow","max-snippet":"max-snippet:-1","max-image-preview":"max-image-preview:large","max-video-preview":"max-video-preview:-1"},"canonical":"https:\/\/www.hotelimmagine.it\/fr\/ou-sommes-nous\/","og_locale":"fr_FR","og_type":"article","og_title":"Comment nous rejoindre - Hotel Immagine","og_description":"Vous trouverez ci-dessous toutes les informations n\u00e9cessaires pour arriver \u00e0 San Giovanni Rotondo.","og_url":"https:\/\/www.hotelimmagine.it\/fr\/ou-sommes-nous\/","og_site_name":"Hotel Immagine a San Giovanni Rotondo","article_publisher":"https:\/\/www.facebook.com\/HotelImmagine","article_modified_time":"2015-03-31T14:47:32+00:00","twitter_card":"summary_large_image","twitter_site":"@hotelimmagine","schema":{"@context":"https:\/\/schema.org","@graph":[{"@type":"WebPage","@id":"https:\/\/www.hotelimmagine.it\/fr\/ou-sommes-nous\/","url":"https:\/\/www.hotelimmagine.it\/fr\/ou-sommes-nous\/","name":"Comment nous rejoindre - Hotel Immagine","isPartOf":{"@id":"https:\/\/www.hotelimmagine.it\/fr\/#website"},"datePublished":"2013-10-13T09:50:11+00:00","dateModified":"2015-03-31T14:47:32+00:00","description":"Vous trouverez ci-dessous toutes les informations n\u00e9cessaires pour arriver \u00e0 San Giovanni Rotondo.","breadcrumb":{"@id":"https:\/\/www.hotelimmagine.it\/fr\/ou-sommes-nous\/#breadcrumb"},"inLanguage":"fr-FR","potentialAction":[{"@type":"ReadAction","target":["https:\/\/www.hotelimmagine.it\/fr\/ou-sommes-nous\/"]}]},{"@type":"BreadcrumbList","@id":"https:\/\/www.hotelimmagine.it\/fr\/ou-sommes-nous\/#breadcrumb","itemListElement":[{"@type":"ListItem","position":1,"name":"Home","item":"https:\/\/www.hotelimmagine.it\/fr\/"},{"@type":"ListItem","position":2,"name":"Comment nous rejoindre"}]},{"@type":"WebSite","@id":"https:\/\/www.hotelimmagine.it\/fr\/#website","url":"https:\/\/www.hotelimmagine.it\/fr\/","name":"Hotel Immagine a San Giovanni Rotondo","description":"Hotel Immagine a San Giovanni Rotondo","potentialAction":[{"@type":"SearchAction","target":{"@type":"EntryPoint","urlTemplate":"https:\/\/www.hotelimmagine.it\/fr\/?s={search_term_string}"},"query-input":{"@type":"PropertyValueSpecification","valueRequired":true,"valueName":"search_term_string"}}],"inLanguage":"fr-FR"}]}},"_links":{"self":[{"href":"https:\/\/www.hotelimmagine.it\/fr\/wp-json\/wp\/v2\/pages\/43","targetHints":{"allow":["GET"]}}],"collection":[{"href":"https:\/\/www.hotelimmagine.it\/fr\/wp-json\/wp\/v2\/pages"}],"about":[{"href":"https:\/\/www.hotelimmagine.it\/fr\/wp-json\/wp\/v2\/types\/page"}],"author":[{"embeddable":true,"href":"https:\/\/www.hotelimmagine.it\/fr\/wp-json\/wp\/v2\/users\/2"}],"replies":[{"embeddable":true,"href":"https:\/\/www.hotelimmagine.it\/fr\/wp-json\/wp\/v2\/comments?post=43"}],"version-history":[{"count":0,"href":"https:\/\/www.hotelimmagine.it\/fr\/wp-json\/wp\/v2\/pages\/43\/revisions"}],"wp:attachment":[{"href":"https:\/\/www.hotelimmagine.it\/fr\/wp-json\/wp\/v2\/media?parent=43"}],"curies":[{"name":"wp","href":"https:\/\/api.w.org\/{rel}","templated":true}]}}