{"id":65,"date":"2013-10-13T12:07:40","date_gmt":"2013-10-13T10:07:40","guid":{"rendered":"http:\/\/www.hotelimmagine.com\/wp\/?page_id=65"},"modified":"2018-03-21T16:36:02","modified_gmt":"2018-03-21T15:36:02","slug":"rozporzadzaine","status":"publish","type":"page","link":"https:\/\/www.hotelimmagine.it\/pl\/rozporzadzaine\/","title":{"rendered":"Okolica"},"content":{"rendered":"<h3 class=\"western\" lang=\"pl-PL\" align=\"JUSTIFY\"><strong><span style=\"font-family: Calibri,serif;\"><span style=\"font-size: small;\">Sanktuarium \u015awi\u0119tego Micha\u0142a Archanio\u0142a (26 km od San Giovanni Rotondo)<\/span><\/span><\/strong><\/h3>\n<p lang=\"pl-PL\" align=\"JUSTIFY\"><span style=\"font-family: Calibri,serif;\"><span style=\"font-size: small;\">Kliknij tutaj, aby odwiedzi\u0107 stron\u0119&#8230;&#8230;.<a href=\"http:\/\/sanctus.pl\/index.php?podgrupa=411&amp;doc=361\" target=\"_blank\" rel=\"nofollow\">czytaj dalej<\/a><\/span><\/span><\/p>\n<h3 class=\"western\" lang=\"pl-PL\" align=\"JUSTIFY\"><span style=\"font-family: Calibri,serif;\"><span style=\"font-size: small;\"><a href=\"http:\/\/www.hotelasangiovannirotondo.com\/wp-content\/uploads\/2013\/10\/castello_di_manfredonia_1235390967122.jpg\" target=\"_blank\" rel=\"nofollow\"><img loading=\"lazy\" decoding=\"async\" width=\"300\" height=\"225\" class=\" size-full wp-image-664 alignleft\" src=\"http:\/\/www.hotelasangiovannirotondo.com\/wp-content\/uploads\/2013\/10\/castello_di_manfredonia_1235390967122.jpg\" alt=\"castello_di_manfredonia_1235390967122\" srcset=\"https:\/\/www.hotelimmagine.it\/wp-content\/uploads\/2013\/10\/castello_di_manfredonia_1235390967122.jpg 300w, https:\/\/www.hotelimmagine.it\/wp-content\/uploads\/2013\/10\/castello_di_manfredonia_1235390967122-100x75.jpg 100w\" sizes=\"auto, (max-width: 300px) 100vw, 300px\" \/><\/a><strong>Manfredonia (25 km od San Giovanni Rotondo)<\/strong><\/span><\/span><\/h3>\n<p lang=\"pl-PL\" align=\"JUSTIFY\"><span style=\"font-family: Calibri,serif;\"><span style=\"font-size: small;\">Jest to urocze miasteczko po\u0142o\u017cone w zatoce,<br \/>\nw kt\u00f3rym zwiedzi\u0107 mo\u017cna mi\u0119dzy innymi staro\u017cytn\u0105 katedr\u0119, zamek ksi\u0119cia Fryderyka II Szwabskiego\u2026 <a href=\"http:\/\/pl.wikipedia.org\/wiki\/Manfredonia\" target=\"_blank\" rel=\"nofollow\">czytaj dalej <\/a><\/span><\/span><\/p>\n<h3 class=\"western\" lang=\"pl-PL\" align=\"JUSTIFY\"><strong><span style=\"font-family: Calibri,serif;\"><span style=\"font-size: small;\">Sanktuarium Cudownej Figury Czarnej Madonny<br \/>\n(40 km od San Giovanni Rotondo)<\/span><\/span><\/strong><\/h3>\n<p lang=\"pl-PL\" align=\"JUSTIFY\"><span style=\"font-family: Calibri,serif;\"><span style=\"font-size: small;\">Sanktuarium po\u015bwi\u0119cone jest Czarnej Madonnie. Wybudowano je w miejscu, w kt\u00f3rym zgodnie<br \/>\nz \u017cyczeniem Ojca Pio mia\u0142a powsta\u0107 kaplica\u2026 <a href=\"http:\/\/kosciol.wiara.pl\/doc\/648974.Montserrat-sanktuarium-Czarnej-Madonny\/2\" target=\"_blank\" rel=\"nofollow\">czytaj dalej <\/a><\/span><\/span><\/p>\n<h3 class=\"western\" lang=\"pl-PL\" align=\"JUSTIFY\"><span style=\"font-family: Calibri,serif;\"><span style=\"font-size: small;\"><a href=\"http:\/\/www.hotelasangiovannirotondo.com\/wp-content\/uploads\/2013\/10\/foresta-umbra2.jpg\" target=\"_blank\" rel=\"nofollow\"><img loading=\"lazy\" decoding=\"async\" width=\"300\" height=\"225\" class=\" size-full wp-image-662 alignleft\" src=\"http:\/\/www.hotelasangiovannirotondo.com\/wp-content\/uploads\/2013\/10\/foresta-umbra2.jpg\" alt=\"foresta-umbra2\" srcset=\"https:\/\/www.hotelimmagine.it\/wp-content\/uploads\/2013\/10\/foresta-umbra2.jpg 300w, https:\/\/www.hotelimmagine.it\/wp-content\/uploads\/2013\/10\/foresta-umbra2-100x75.jpg 100w\" sizes=\"auto, (max-width: 300px) 100vw, 300px\" \/><\/a><strong>Las Umbra (40 km od San Giovanni Rotondo)<\/strong><\/span><\/span><\/h3>\n<p lang=\"pl-PL\" align=\"JUSTIFY\"><span style=\"font-family: Calibri,serif;\"><span style=\"font-size: small;\">Las o powierzchni 10426 hektar\u00f3w po\u0142o\u017cony jest<br \/>\nw samym sercu Gargano\u2026 <a href=\"http:\/\/pl.wikipedia.org\/wiki\/P%C3%B3%C5%82wysep_Gargano\" target=\"_blank\" rel=\"nofollow\">czytaj dalej<\/a><\/span><\/span><\/p>\n<h3 class=\"western\" lang=\"pl-PL\" align=\"JUSTIFY\"><strong><span style=\"font-family: Calibri,serif;\"><span style=\"font-size: small;\">Jezioro w Cagnano Varano (32 km od San Giovanni Rotondo)<\/span><\/span><\/strong><\/h3>\n<p lang=\"pl-PL\" align=\"JUSTIFY\"><span style=\"font-family: Calibri,serif;\"><span style=\"font-size: small;\">Jezioro b\u0119d\u0105ce w rzeczywisto\u015bci lagun\u0105 po\u0142o\u017cone jest<br \/>\nw p\u00f3\u0142nocnej cz\u0119\u015bci Gargano\u2026 <a href=\"http:\/\/pl.wikipedia.org\/wiki\/Cagnano_Varano\" target=\"_blank\" rel=\"nofollow\">czytaj dalej <\/a><\/span><\/span><\/p>\n<h3 class=\"western\" lang=\"pl-PL\" align=\"JUSTIFY\"><span style=\"font-family: Calibri,serif;\"><span style=\"font-size: small;\"><a href=\"http:\/\/www.hotelasangiovannirotondo.com\/wp-content\/uploads\/2013\/10\/peschici-piccola.jpg\" target=\"_blank\" rel=\"nofollow\"><img loading=\"lazy\" decoding=\"async\" width=\"300\" height=\"200\" class=\" size-full wp-image-661 alignleft\" src=\"http:\/\/www.hotelasangiovannirotondo.com\/wp-content\/uploads\/2013\/10\/peschici-piccola.jpg\" alt=\"peschici-piccola\" srcset=\"https:\/\/www.hotelimmagine.it\/wp-content\/uploads\/2013\/10\/peschici-piccola.jpg 300w, https:\/\/www.hotelimmagine.it\/wp-content\/uploads\/2013\/10\/peschici-piccola-100x67.jpg 100w\" sizes=\"auto, (max-width: 300px) 100vw, 300px\" \/><\/a><strong>Peschici<\/strong><\/span><\/span><\/h3>\n<p lang=\"pl-PL\" align=\"JUSTIFY\"><span style=\"font-family: Calibri,serif;\"><span style=\"font-size: small;\">Jest to znany kurort nadmorski b\u0119d\u0105cy cz\u0119\u015bci\u0105 Parku Narodowego Gargano\u2026 <a href=\"http:\/\/pl.wikipedia.org\/wiki\/Peschici\" target=\"_blank\" rel=\"nofollow\">czytaj dalej<\/a><\/span><\/span><\/p>\n<h3 class=\"western\" lang=\"pl-PL\" align=\"JUSTIFY\"><strong><span style=\"font-family: Calibri,serif;\"><span style=\"font-size: small;\">Vieste<\/span><\/span><\/strong><\/h3>\n<p lang=\"pl-PL\" align=\"JUSTIFY\"><span style=\"font-family: Calibri,serif;\"><span style=\"font-size: small;\">Jest to najbardziej wysuni\u0119te na zach\u00f3d miasto na p\u00f3\u0142wyspie Gargano, z dwoma piaszczystymi pla\u017cami\u2026 <a href=\"http:\/\/pl.wikipedia.org\/wiki\/Vieste\" target=\"_blank\" rel=\"nofollow\">czytaj dalej <\/a><\/span><\/span><\/p>\n<h3 class=\"western\" lang=\"pl-PL\" align=\"JUSTIFY\"><strong><span style=\"font-family: Calibri,serif;\"><span style=\"font-size: small;\">Vico Del Gargano<\/span><\/span><\/strong><\/h3>\n<p lang=\"pl-PL\" align=\"JUSTIFY\"><span style=\"font-family: Times New Roman,serif;\"><span style=\"font-size: medium;\"><span style=\"font-family: Calibri,serif;\"><span style=\"font-size: small;\">Jest to miasto za\u0142o\u017cone w 970 r. przed Chrystusem przez legendarnego bohatera Sueripolo\u2026 <a href=\"http:\/\/pl.wikipedia.org\/wiki\/Vico_del_Gargano\" target=\"_blank\" rel=\"nofollow\">czytaj dalej<\/a><\/span><\/span><\/span><\/span><\/p>\n","protected":false},"excerpt":{"rendered":"<p>Sanktuarium \u015awi\u0119tego Micha\u0142a Archanio\u0142a (26 km od San Giovanni Rotondo) Kliknij tutaj, aby odwiedzi\u0107 stron\u0119&#8230;&#8230;.czytaj dalej Manfredonia (25 km od San Giovanni Rotondo) Jest to urocze miasteczko po\u0142o\u017cone w zatoce, w kt\u00f3rym zwiedzi\u0107 mo\u017cna mi\u0119dzy innymi staro\u017cytn\u0105 katedr\u0119, zamek ksi\u0119cia Fryderyka II Szwabskiego\u2026 czytaj dalej Sanktuarium Cudownej Figury Czarnej Madonny (40 km od San Giovanni<\/p>\n<a href=\"https:\/\/www.hotelimmagine.it\/pl\/rozporzadzaine\/\" class=\"sohohotel-more-link\">Read More<\/a>","protected":false},"author":2,"featured_media":0,"parent":0,"menu_order":5,"comment_status":"closed","ping_status":"closed","template":"","meta":{"footnotes":""},"class_list":["post-65","page","type-page","status-publish","hentry"],"yoast_head":"<!-- This site is optimized with the Yoast SEO plugin v27.4 - https:\/\/yoast.com\/product\/yoast-seo-wordpress\/ -->\n<title>Okolica San Giovanni Rotondo<\/title>\n<meta name=\"description\" content=\"Co warto zobaczy\u0107 w okolicy San Giovanni Rotondo, Puglia, Italia.\" \/>\n<meta name=\"robots\" content=\"index, follow, max-snippet:-1, max-image-preview:large, max-video-preview:-1\" \/>\n<link rel=\"canonical\" href=\"https:\/\/www.hotelimmagine.it\/pl\/rozporzadzaine\/\" \/>\n<meta property=\"og:locale\" content=\"pl_PL\" \/>\n<meta property=\"og:type\" content=\"article\" \/>\n<meta property=\"og:title\" content=\"Okolica San Giovanni Rotondo\" \/>\n<meta property=\"og:description\" content=\"Co warto zobaczy\u0107 w okolicy San Giovanni Rotondo, Puglia, Italia.\" \/>\n<meta property=\"og:url\" content=\"https:\/\/www.hotelimmagine.it\/pl\/rozporzadzaine\/\" \/>\n<meta property=\"og:site_name\" content=\"Hotel Immagine a San Giovanni Rotondo\" \/>\n<meta property=\"article:publisher\" content=\"https:\/\/www.facebook.com\/HotelImmagine\" \/>\n<meta property=\"article:modified_time\" content=\"2018-03-21T15:36:02+00:00\" \/>\n<meta property=\"og:image\" content=\"http:\/\/www.hotelasangiovannirotondo.com\/wp-content\/uploads\/2013\/10\/castello_di_manfredonia_1235390967122.jpg\" \/>\n<meta name=\"twitter:card\" content=\"summary_large_image\" \/>\n<meta name=\"twitter:site\" content=\"@hotelimmagine\" \/>\n<script type=\"application\/ld+json\" class=\"yoast-schema-graph\">{\"@context\":\"https:\\\/\\\/schema.org\",\"@graph\":[{\"@type\":\"WebPage\",\"@id\":\"https:\\\/\\\/www.hotelimmagine.it\\\/pl\\\/rozporzadzaine\\\/\",\"url\":\"https:\\\/\\\/www.hotelimmagine.it\\\/pl\\\/rozporzadzaine\\\/\",\"name\":\"Okolica San Giovanni Rotondo\",\"isPartOf\":{\"@id\":\"https:\\\/\\\/www.hotelimmagine.it\\\/pl\\\/#website\"},\"primaryImageOfPage\":{\"@id\":\"https:\\\/\\\/www.hotelimmagine.it\\\/pl\\\/rozporzadzaine\\\/#primaryimage\"},\"image\":{\"@id\":\"https:\\\/\\\/www.hotelimmagine.it\\\/pl\\\/rozporzadzaine\\\/#primaryimage\"},\"thumbnailUrl\":\"http:\\\/\\\/www.hotelasangiovannirotondo.com\\\/wp-content\\\/uploads\\\/2013\\\/10\\\/castello_di_manfredonia_1235390967122.jpg\",\"datePublished\":\"2013-10-13T10:07:40+00:00\",\"dateModified\":\"2018-03-21T15:36:02+00:00\",\"description\":\"Co warto zobaczy\u0107 w okolicy San Giovanni Rotondo, Puglia, Italia.\",\"breadcrumb\":{\"@id\":\"https:\\\/\\\/www.hotelimmagine.it\\\/pl\\\/rozporzadzaine\\\/#breadcrumb\"},\"inLanguage\":\"pl-PL\",\"potentialAction\":[{\"@type\":\"ReadAction\",\"target\":[\"https:\\\/\\\/www.hotelimmagine.it\\\/pl\\\/rozporzadzaine\\\/\"]}]},{\"@type\":\"ImageObject\",\"inLanguage\":\"pl-PL\",\"@id\":\"https:\\\/\\\/www.hotelimmagine.it\\\/pl\\\/rozporzadzaine\\\/#primaryimage\",\"url\":\"http:\\\/\\\/www.hotelasangiovannirotondo.com\\\/wp-content\\\/uploads\\\/2013\\\/10\\\/castello_di_manfredonia_1235390967122.jpg\",\"contentUrl\":\"http:\\\/\\\/www.hotelasangiovannirotondo.com\\\/wp-content\\\/uploads\\\/2013\\\/10\\\/castello_di_manfredonia_1235390967122.jpg\"},{\"@type\":\"BreadcrumbList\",\"@id\":\"https:\\\/\\\/www.hotelimmagine.it\\\/pl\\\/rozporzadzaine\\\/#breadcrumb\",\"itemListElement\":[{\"@type\":\"ListItem\",\"position\":1,\"name\":\"Home\",\"item\":\"https:\\\/\\\/www.hotelimmagine.it\\\/pl\\\/\"},{\"@type\":\"ListItem\",\"position\":2,\"name\":\"Okolica\"}]},{\"@type\":\"WebSite\",\"@id\":\"https:\\\/\\\/www.hotelimmagine.it\\\/pl\\\/#website\",\"url\":\"https:\\\/\\\/www.hotelimmagine.it\\\/pl\\\/\",\"name\":\"Hotel Immagine a San Giovanni Rotondo\",\"description\":\"Hotel Immagine a San Giovanni Rotondo\",\"potentialAction\":[{\"@type\":\"SearchAction\",\"target\":{\"@type\":\"EntryPoint\",\"urlTemplate\":\"https:\\\/\\\/www.hotelimmagine.it\\\/pl\\\/?s={search_term_string}\"},\"query-input\":{\"@type\":\"PropertyValueSpecification\",\"valueRequired\":true,\"valueName\":\"search_term_string\"}}],\"inLanguage\":\"pl-PL\"}]}<\/script>\n<!-- \/ Yoast SEO plugin. -->","yoast_head_json":{"title":"Okolica San Giovanni Rotondo","description":"Co warto zobaczy\u0107 w okolicy San Giovanni Rotondo, Puglia, Italia.","robots":{"index":"index","follow":"follow","max-snippet":"max-snippet:-1","max-image-preview":"max-image-preview:large","max-video-preview":"max-video-preview:-1"},"canonical":"https:\/\/www.hotelimmagine.it\/pl\/rozporzadzaine\/","og_locale":"pl_PL","og_type":"article","og_title":"Okolica San Giovanni Rotondo","og_description":"Co warto zobaczy\u0107 w okolicy San Giovanni Rotondo, Puglia, Italia.","og_url":"https:\/\/www.hotelimmagine.it\/pl\/rozporzadzaine\/","og_site_name":"Hotel Immagine a San Giovanni Rotondo","article_publisher":"https:\/\/www.facebook.com\/HotelImmagine","article_modified_time":"2018-03-21T15:36:02+00:00","og_image":[{"url":"http:\/\/www.hotelasangiovannirotondo.com\/wp-content\/uploads\/2013\/10\/castello_di_manfredonia_1235390967122.jpg","type":"","width":"","height":""}],"twitter_card":"summary_large_image","twitter_site":"@hotelimmagine","schema":{"@context":"https:\/\/schema.org","@graph":[{"@type":"WebPage","@id":"https:\/\/www.hotelimmagine.it\/pl\/rozporzadzaine\/","url":"https:\/\/www.hotelimmagine.it\/pl\/rozporzadzaine\/","name":"Okolica San Giovanni Rotondo","isPartOf":{"@id":"https:\/\/www.hotelimmagine.it\/pl\/#website"},"primaryImageOfPage":{"@id":"https:\/\/www.hotelimmagine.it\/pl\/rozporzadzaine\/#primaryimage"},"image":{"@id":"https:\/\/www.hotelimmagine.it\/pl\/rozporzadzaine\/#primaryimage"},"thumbnailUrl":"http:\/\/www.hotelasangiovannirotondo.com\/wp-content\/uploads\/2013\/10\/castello_di_manfredonia_1235390967122.jpg","datePublished":"2013-10-13T10:07:40+00:00","dateModified":"2018-03-21T15:36:02+00:00","description":"Co warto zobaczy\u0107 w okolicy San Giovanni Rotondo, Puglia, Italia.","breadcrumb":{"@id":"https:\/\/www.hotelimmagine.it\/pl\/rozporzadzaine\/#breadcrumb"},"inLanguage":"pl-PL","potentialAction":[{"@type":"ReadAction","target":["https:\/\/www.hotelimmagine.it\/pl\/rozporzadzaine\/"]}]},{"@type":"ImageObject","inLanguage":"pl-PL","@id":"https:\/\/www.hotelimmagine.it\/pl\/rozporzadzaine\/#primaryimage","url":"http:\/\/www.hotelasangiovannirotondo.com\/wp-content\/uploads\/2013\/10\/castello_di_manfredonia_1235390967122.jpg","contentUrl":"http:\/\/www.hotelasangiovannirotondo.com\/wp-content\/uploads\/2013\/10\/castello_di_manfredonia_1235390967122.jpg"},{"@type":"BreadcrumbList","@id":"https:\/\/www.hotelimmagine.it\/pl\/rozporzadzaine\/#breadcrumb","itemListElement":[{"@type":"ListItem","position":1,"name":"Home","item":"https:\/\/www.hotelimmagine.it\/pl\/"},{"@type":"ListItem","position":2,"name":"Okolica"}]},{"@type":"WebSite","@id":"https:\/\/www.hotelimmagine.it\/pl\/#website","url":"https:\/\/www.hotelimmagine.it\/pl\/","name":"Hotel Immagine a San Giovanni Rotondo","description":"Hotel Immagine a San Giovanni Rotondo","potentialAction":[{"@type":"SearchAction","target":{"@type":"EntryPoint","urlTemplate":"https:\/\/www.hotelimmagine.it\/pl\/?s={search_term_string}"},"query-input":{"@type":"PropertyValueSpecification","valueRequired":true,"valueName":"search_term_string"}}],"inLanguage":"pl-PL"}]}},"_links":{"self":[{"href":"https:\/\/www.hotelimmagine.it\/pl\/wp-json\/wp\/v2\/pages\/65","targetHints":{"allow":["GET"]}}],"collection":[{"href":"https:\/\/www.hotelimmagine.it\/pl\/wp-json\/wp\/v2\/pages"}],"about":[{"href":"https:\/\/www.hotelimmagine.it\/pl\/wp-json\/wp\/v2\/types\/page"}],"author":[{"embeddable":true,"href":"https:\/\/www.hotelimmagine.it\/pl\/wp-json\/wp\/v2\/users\/2"}],"replies":[{"embeddable":true,"href":"https:\/\/www.hotelimmagine.it\/pl\/wp-json\/wp\/v2\/comments?post=65"}],"version-history":[{"count":0,"href":"https:\/\/www.hotelimmagine.it\/pl\/wp-json\/wp\/v2\/pages\/65\/revisions"}],"wp:attachment":[{"href":"https:\/\/www.hotelimmagine.it\/pl\/wp-json\/wp\/v2\/media?parent=65"}],"curies":[{"name":"wp","href":"https:\/\/api.w.org\/{rel}","templated":true}]}}